{"id":3,"date":"2024-01-07T08:54:24","date_gmt":"2024-01-07T08:54:24","guid":{"rendered":"https:\/\/smarteam-dz.com\/wafi\/?page_id=3"},"modified":"2025-08-03T14:06:32","modified_gmt":"2025-08-03T13:06:32","slug":"privacy-policy","status":"publish","type":"page","link":"https:\/\/waficlub.dz\/ar\/privacy-policy","title":{"rendered":"\u0633\u064a\u0627\u0633\u0629 \u0627\u0644\u062e\u0635\u0648\u0635\u064a\u0629"},"content":{"rendered":"<div class=\"fusion-fullwidth fullwidth-box fusion-builder-row-1 fusion-flex-container nonhundred-percent-fullwidth non-hundred-percent-height-scrolling\" style=\"--awb-border-radius-top-left:0px;--awb-border-radius-top-right:0px;--awb-border-radius-bottom-right:0px;--awb-border-radius-bottom-left:0px;--awb-flex-wrap:wrap;\" ><div class=\"fusion-builder-row fusion-row fusion-flex-align-items-flex-start fusion-flex-content-wrap\" style=\"max-width:1435.2px;margin-left: calc(-4% \/ 2 );margin-right: calc(-4% \/ 2 );\"><div class=\"fusion-layout-column fusion_builder_column fusion-builder-column-0 fusion_builder_column_1_1 1_1 fusion-flex-column\" style=\"--awb-bg-size:cover;--awb-width-large:100%;--awb-margin-top-large:0px;--awb-spacing-right-large:1.92%;--awb-margin-bottom-large:0px;--awb-spacing-left-large:1.92%;--awb-width-medium:100%;--awb-spacing-right-medium:1.92%;--awb-spacing-left-medium:1.92%;--awb-width-small:100%;--awb-spacing-right-small:1.92%;--awb-spacing-left-small:1.92%;\"><div class=\"fusion-column-wrapper fusion-flex-justify-content-flex-start fusion-content-layout-column\"><div class=\"fusion-text fusion-text-1 awb-text-cols fusion-text-columns-2\" style=\"--awb-content-alignment:left;--awb-text-color:var(--awb-color5);--awb-columns:2;--awb-column-spacing:2em;--awb-column-min-width:100px;\"><p><strong>\u062d\u0648\u0644 Waficlub<\/strong><\/p>\n<p>Waficlub \u0647\u0648 \u0628\u0631\u0646\u0627\u0645\u062c \u0648\u0644\u0627\u0621 \u0645\u062a\u0639\u062f\u062f \u0627\u0644\u0639\u0644\u0627\u0645\u0627\u062a \u0627\u0644\u062a\u062c\u0627\u0631\u064a\u0629 \u0641\u064a \u0627\u0644\u062c\u0632\u0627\u0626\u0631 \u062a\u062f\u064a\u0631\u0647 Connectics. \u062a\u062a\u062d\u0643\u0645 Connectics \u0641\u064a \u0627\u0644\u0628\u064a\u0627\u0646\u0627\u062a. <span style=\"color: var(--awb-text-color); font-family: var(--awb-text-font-family); font-size: var(--awb-font-size); font-style: var(--awb-text-font-style); font-weight: var(--awb-text-font-weight); letter-spacing: var(--awb-letter-spacing); text-align: var(--awb-content-alignment); text-transform: var(--awb-text-transform); background-color: var(--awb-bg-color-hover);\">\u0627\u0644\u0628\u0631\u0646\u0627\u0645\u062c \u0645\u0641\u062a\u0648\u062d \u0644\u062c\u0645\u064a\u0639 \u0627\u0644\u0645\u0633\u062a\u0647\u0644\u0643\u064a\u0646 \u0641\u064a \u0627\u0644\u062c\u0632\u0627\u0626\u0631 \u0627\u0644\u0630\u064a\u0646 \u064a\u0631\u063a\u0628\u0648\u0646 \u0641\u064a \u0627\u0644\u0627\u0633\u062a\u0641\u0627\u062f\u0629 \u0645\u0646 \u0645\u0643\u0627\u0641\u0622\u062a \u062d\u0635\u0631\u064a\u0629 \u0645\u0642\u0627\u0628\u0644 \u0645\u0634\u062a\u0631\u064a\u0627\u062a\u0647\u0645 \u0645\u0646 \u0627\u0644\u0645\u0646\u062a\u062c\u0627\u062a \u0630\u0627\u062a \u0627\u0644\u0627\u0633\u062a\u0647\u0644\u0627\u0643 \u0627\u0644\u0643\u0628\u064a\u0631. <\/span><\/p>\n<p><span style=\"color: var(--awb-text-color); font-family: var(--awb-text-font-family); font-size: var(--awb-font-size); font-style: var(--awb-text-font-style); font-weight: var(--awb-text-font-weight); letter-spacing: var(--awb-letter-spacing); text-align: var(--awb-content-alignment); text-transform: var(--awb-text-transform); background-color: var(--awb-bg-color-hover);\">\u0627\u0644\u0628\u0631\u0646\u0627\u0645\u062c \u0645\u062e\u0635\u0635 \u062d\u0635\u0631\u064a\u064b\u0627 \u0644\u0644\u0623\u0641\u0631\u0627\u062f \u0627\u0644\u0630\u064a\u0646 \u064a\u0634\u062a\u0631\u0648\u0646 \u0627\u0644\u0645\u0646\u062a\u062c\u0627\u062a \u0644\u0644\u0627\u0633\u062a\u062e\u062f\u0627\u0645 \u0627\u0644\u0634\u062e\u0635\u064a \u060c \u0628\u0627\u0633\u062a\u062b\u0646\u0627\u0621 \u0627\u0644\u0634\u0631\u0643\u0627\u062a \u0648\u0623\u064a \u0648\u0633\u064a\u0637 \u062a\u062c\u0627\u0631\u064a.<\/span><\/p>\n<p><strong>\u0627\u0644\u0628\u064a\u0627\u0646\u0627\u062a \u0627\u0644\u062a\u064a \u0646\u062c\u0645\u0639\u0647\u0627 \u062d\u0648\u0644 \u0627\u0644\u0645\u0634\u0627\u0631\u0643\u064a\u0646 \u0641\u064a \u0627\u0644\u0628\u0631\u0646\u0627\u0645\u062c<\/strong><\/p>\n<p>\u0646\u062c\u0645\u0639 \u0627\u0644\u0628\u064a\u0627\u0646\u0627\u062a \u0627\u0644\u0634\u062e\u0635\u064a\u0629 \u0644\u062a\u062e\u0635\u064a\u0635 \u062e\u062f\u0645\u0627\u062a\u0646\u0627 \u0648\u062a\u062d\u0633\u064a\u0646 \u0639\u0631\u0648\u0636\u0646\u0627. \u064a\u062a\u0636\u0645\u0646 \u0630\u0644\u0643 \u0627\u0644\u0645\u0639\u0644\u0648\u0645\u0627\u062a \u0627\u0644\u062a\u064a \u062a\u0642\u062f\u0645\u0647\u0627 \u0623\u0646\u062a \u0648\u0627\u0644\u0628\u064a\u0627\u0646\u0627\u062a \u0627\u0644\u062a\u064a \u064a\u062a\u0645 \u0625\u0646\u0634\u0627\u0624\u0647\u0627 \u062a\u0644\u0642\u0627\u0626\u064a\u064b\u0627.<\/p>\n<p><strong>\u0643\u064a\u0641 \u0646\u0633\u062a\u062e\u062f\u0645 \u0628\u064a\u0627\u0646\u0627\u062a\u0643 \u0627\u0644\u0634\u062e\u0635\u064a\u0629<\/strong><\/p>\n<p>\u0646\u0633\u062a\u062e\u062f\u0645 \u0628\u064a\u0627\u0646\u0627\u062a\u0643 \u0644\u0640:\n\n\u062a\u0633\u062c\u064a\u0644\u0643 \u0641\u064a \u0628\u0631\u0646\u0627\u0645\u062c Waficlub.\u0645\u0639\u0627\u0644\u062c\u0629 \u0645\u0634\u0627\u0631\u0643\u0627\u062a\u0643 \u0641\u064a \u0627\u0644\u0628\u0631\u0646\u0627\u0645\u062c. \u0625\u062f\u0627\u0631\u0629 \u0639\u0644\u0627\u0642\u0627\u062a \u0627\u0644\u0639\u0645\u0644\u0627\u0621 \u0648\u0627\u0644\u0631\u062f \u0639\u0644\u0649 \u0637\u0644\u0628\u0627\u062a\u0643.\u062a\u062d\u0633\u064a\u0646 \u062e\u062f\u0645\u0627\u062a\u0646\u0627 \u0648\u062a\u0642\u062f\u064a\u0645 \u0639\u0631\u0648\u0636 \u0645\u062e\u0635\u0635\u0629 \u0644\u0643 \u0648 \u062a\u0648\u0635\u064a\u0644 \u0627\u0644\u0647\u062f\u0627\u064a\u0627 \u0648\u0627\u0644\u0645\u0643\u0627\u0641\u0622\u062a \u0625\u0644\u064a\u0643.<\/p>\n<p><strong>\u0627\u0644\u0623\u0633\u0627\u0633 \u0627\u0644\u0642\u0627\u0646\u0648\u0646\u064a \u0644\u0645\u0639\u0627\u0644\u062c\u0629 \u0627\u0644\u0628\u064a\u0627\u0646\u0627\u062a \u0627\u0644\u0634\u062e\u0635\u064a\u0629<\/strong><\/p>\n<p>\u0628\u0646\u0627\u0621\u064b \u0639\u0644\u0649 \u0645\u0648\u0627\u0641\u0642\u062a\u0643\u0645\u060c \u0648\u0645\u0635\u0627\u0644\u062d\u0646\u0627 \u0627\u0644\u0645\u0634\u0631\u0648\u0639\u0629\u060c \u0648\u062a\u0646\u0641\u064a\u0630 \u0627\u0644\u0639\u0642\u0648\u062f \u0645\u0639\u0643\u0645\u060c \u0648\u0644\u0644\u0627\u0645\u062a\u062b\u0627\u0644 \u0644\u0644\u0642\u0648\u0627\u0646\u064a\u0646\u060c \u0646\u0639\u0627\u0644\u062c \u0628\u064a\u0627\u0646\u0627\u062a\u0643\u0645.<\/p>\n<p><strong>\u0627\u0644\u0645\u0637\u0627\u0628\u0642\u0629 \u0645\u0639 \u0627\u0644\u0642\u0627\u0646\u0648\u0646 \u0631\u0642\u0645 18-07<\/strong><\/p>\n<p>\u0648\u0641\u0642\u064b\u0627 \u0644\u0644\u0642\u0627\u0646\u0648\u0646 \u0627\u0644\u062c\u0632\u0627\u0626\u0631\u064a \u0631\u0642\u0645 18-07 \u0627\u0644\u0645\u062a\u0639\u0644\u0642 \u0628\u062d\u0645\u0627\u064a\u0629 \u0627\u0644\u0623\u0634\u062e\u0627\u0635 \u0627\u0644\u0637\u0628\u064a\u0639\u064a\u064a\u0646 \u0641\u064a \u0645\u0639\u0627\u0644\u062c\u0629 \u0627\u0644\u0628\u064a\u0627\u0646\u0627\u062a \u0630\u0627\u062a \u0627\u0644\u0637\u0627\u0628\u0639 \u0627\u0644\u0634\u062e\u0635\u064a\u060c \u0646\u0644\u062a\u0632\u0645 \u0628\u0627\u062d\u062a\u0631\u0627\u0645 \u062d\u0642\u0648\u0642\u0643\u0645 \u0641\u064a\u0645\u0627 \u064a\u062a\u0639\u0644\u0642 \u0628\u0627\u0644\u062e\u0635\u0648\u0635\u064a\u0629 \u0648\u0623\u0645\u0627\u0646 \u0627\u0644\u0628\u064a\u0627\u0646\u0627\u062a.<br \/>\u0646\u0642\u0648\u0645 \u0628\u062a\u0646\u0641\u064a\u0630 \u0645\u0645\u0627\u0631\u0633\u0627\u062a \u0645\u062a\u0648\u0627\u0641\u0642\u0629 \u0645\u0639 \u0627\u0644\u0644\u0648\u0627\u0626\u062d \u0644\u0636\u0645\u0627\u0646 \u0645\u0627 \u064a\u0644\u064a:<\/p>\n<ul>\n<li>\u0644\u0627 \u064a\u062a\u0645 \u062c\u0645\u0639 \u0628\u064a\u0627\u0646\u0627\u062a\u0643\u0645 \u0623\u0648 \u0645\u0639\u0627\u0644\u062c\u062a\u0647\u0627 \u0625\u0644\u0627 \u0628\u0645\u0648\u0627\u0641\u0642\u062a\u0643\u0645 \u0623\u0648 \u0628\u0646\u0627\u0621\u064b \u0639\u0644\u0649 \u0627\u0644\u0623\u0633\u0633 \u0627\u0644\u0642\u0627\u0646\u0648\u0646\u064a\u0629 \u0627\u0644\u0645\u062d\u062f\u062f\u0629 \u0641\u064a \u0627\u0644\u0642\u0627\u0646\u0648\u0646.<\/li>\n<li>\u064a\u062a\u0645 \u0627\u0644\u0627\u062d\u062a\u0641\u0627\u0638 \u0628\u0628\u064a\u0627\u0646\u0627\u062a\u0643\u0645 \u0641\u0642\u0637 \u0644\u0644\u0645\u062f\u0629 \u0627\u0644\u0644\u0627\u0632\u0645\u0629 \u0644\u0644\u0623\u063a\u0631\u0627\u0636 \u0627\u0644\u0645\u0635\u0631\u062d \u0628\u0647\u0627.<\/li>\n<li>Vous pouvez exercer vos droits d\u2019acc\u00e8s, de rectification, de <a href=\"https:\/\/waficlub.dz\/ar\/suppression-du-compte\/\">suppression <\/a>ou d\u2019opposition.<\/li>\n<\/ul>\n<p><strong>\u0643\u064a\u0641 \u0646\u0633\u062a\u062e\u062f\u0645 \u0628\u064a\u0627\u0646\u0627\u062a\u0643 \u0627\u0644\u0634\u062e\u0635\u064a\u0629<\/strong><\/p>\n<p>\u0646\u0634\u0627\u0631\u0643 \u0628\u064a\u0627\u0646\u0627\u062a\u0643 \u0645\u0639 \u0623\u0637\u0631\u0627\u0641 \u062b\u0627\u0644\u062b\u0629 \u0644\u062a\u0648\u0635\u064a\u0644 \u0627\u0644\u0645\u0646\u062a\u062c\u0627\u062a\u060c \u0648\u062a\u0642\u062f\u064a\u0645 \u0627\u0644\u062e\u062f\u0645\u0627\u062a\u060c \u0648\u0623\u0646\u0634\u0637\u0629 \u0623\u062e\u0631\u0649 \u0636\u0631\u0648\u0631\u064a\u0629. \u0646\u062d\u0631\u0635 \u0639\u0644\u0649 \u0623\u0646 \u062a\u062d\u062a\u0631\u0645 \u0647\u0630\u0647 \u0627\u0644\u0623\u0637\u0631\u0627\u0641 \u0633\u0631\u064a\u0629 \u0628\u064a\u0627\u0646\u0627\u062a\u0643.<\/p>\n<p><strong>\u0627\u0644\u062a\u062d\u0648\u064a\u0644\u0627\u062a \u0627\u0644\u062f\u0648\u0644\u064a\u0629<\/strong><\/p>\n<p>\u0644\u0646 \u064a\u062a\u0645 \u0646\u0642\u0644 \u0628\u064a\u0627\u0646\u0627\u062a\u0643 \u0627\u0644\u0634\u062e\u0635\u064a\u0629 \u0625\u0644\u0649 \u0627\u0644\u062e\u0627\u0631\u062c.<\/p>\n<p><strong>\u062d\u0641\u0638 \u0627\u0644\u0628\u064a\u0627\u0646\u0627\u062a<\/strong><\/p>\n<p>\u0646\u062d\u062a\u0641\u0638 \u0628\u0628\u064a\u0627\u0646\u0627\u062a\u0643 \u0637\u0627\u0644\u0645\u0627 \u0643\u0627\u0646 \u0630\u0644\u0643 \u0636\u0631\u0648\u0631\u064a\u0627\u064b \u0644\u0623\u063a\u0631\u0627\u0636 \u0645\u062d\u062f\u062f\u0629 \u0641\u064a \u0647\u0630\u0647 \u0627\u0644\u0628\u064a\u0627\u0646\u0627\u062a\u060c \u0648\u0630\u0644\u0643 \u0648\u0641\u0642\u0627\u064b \u0644\u0644\u0642\u0648\u0627\u0646\u064a\u0646 \u0627\u0644\u0646\u0627\u0641\u0630\u0629.<\/p>\n<p><strong>\u0623\u0645\u0646 \u0627\u0644\u0628\u064a\u0627\u0646\u0627\u062a<\/strong><\/p>\n<p>\u062a\u0645 \u0648\u0636\u0639 \u0625\u062c\u0631\u0627\u0621\u0627\u062a \u0623\u0645\u0646\u064a\u0629 \u0644\u062d\u0645\u0627\u064a\u0629 \u0628\u064a\u0627\u0646\u0627\u062a\u0643 \u0645\u0646 \u0623\u064a \u062f\u062e\u0648\u0644 \u063a\u064a\u0631 \u0645\u0635\u0631\u062d \u0628\u0647 \u0623\u0648 \u0627\u0633\u062a\u062e\u062f\u0627\u0645 \u0645\u0633\u064a\u0621.<\/p>\n<p><strong>\u062d\u0642\u0648\u0642\u0643 \u0627\u0644\u0642\u0627\u0646\u0648\u0646\u064a\u0629<\/strong><\/p>\n<p>\u0644\u062f\u064a\u0643 \u0627\u0644\u062d\u0642 \u0641\u064a \u0627\u0644\u0648\u0635\u0648\u0644 \u0625\u0644\u0649 \u0628\u064a\u0627\u0646\u0627\u062a\u0643\u060c \u062a\u0635\u062d\u064a\u062d\u0647\u0627\u060c \u0623\u0648 \u062d\u0630\u0641\u0647\u0627\u060c \u0648\u0627\u0644\u0627\u0639\u062a\u0631\u0627\u0636 \u0639\u0644\u0649 \u0623\u0648 \u062a\u0642\u064a\u064a\u062f \u0645\u0639\u0627\u0644\u062c\u062a\u0647\u0627\u060c \u0648\u0637\u0644\u0628 \u0646\u0642\u0644\u0647\u0627 \u0625\u0644\u0649 \u0637\u0631\u0641 \u062b\u0627\u0644\u062b\u060c \u0648\u0625\u0644\u063a\u0627\u0621 \u0627\u0644\u0627\u0634\u062a\u0631\u0627\u0643 \u0641\u064a \u0627\u0644\u0627\u062a\u0635\u0627\u0644\u0627\u062a.<\/p>\n<p><strong>\u0627\u0644\u0627\u062a\u0635\u0627\u0644<\/strong><\/p>\n<p>\u0644\u0623\u064a \u0627\u0633\u062a\u0641\u0633\u0627\u0631 \u0623\u0648 \u0642\u0644\u0642\u060c \u0623\u0648 \u0644\u0645\u0645\u0627\u0631\u0633\u0629 \u062d\u0642\u0648\u0642\u0643 \u0627\u0644\u0642\u0627\u0646\u0648\u0646\u064a\u0629\u060c \u064a\u0631\u062c\u0649 \u0627\u0644\u062a\u0648\u0627\u0635\u0644 \u0645\u0639 \u0645\u0633\u0624\u0648\u0644 \u0645\u0639\u0627\u0644\u062c\u0629 \u0627\u0644\u0628\u064a\u0627\u0646\u0627\u062a \u0627\u0644\u062e\u0627\u0635 \u0628\u0646\u0627 \u0639\u0644\u0649 Contact@connectics.dz \u0646\u0644\u062a\u0632\u0645 \u0628\u0627\u0644\u0631\u062f \u0639\u0644\u0649 \u0623\u064a \u0634\u0643\u0648\u0649 \u0641\u064a \u0627\u0644\u0645\u062f\u0629 \u0627\u0644\u0645\u062d\u062f\u062f\u0629.<\/p>\n<\/div><\/div><\/div><\/div><\/div>","protected":false},"excerpt":{"rendered":"","protected":false},"author":1,"featured_media":0,"parent":0,"menu_order":0,"comment_status":"closed","ping_status":"open","template":"","meta":{"content-type":"","inline_featured_image":false,"_monsterinsights_skip_tracking":false,"_monsterinsights_sitenote_active":false,"_monsterinsights_sitenote_note":"","_monsterinsights_sitenote_category":0,"footnotes":""},"class_list":["post-3","page","type-page","status-publish","hentry"],"yoast_head":"<!-- This site is optimized with the Yoast SEO plugin v21.8 - https:\/\/yoast.com\/wordpress\/plugins\/seo\/ -->\n<title>Politique de confidentialit\u00e9 - Waficlub<\/title>\n<meta name=\"robots\" content=\"index, follow, max-snippet:-1, max-image-preview:large, max-video-preview:-1\" \/>\n<link rel=\"canonical\" href=\"https:\/\/waficlub.dz\/ar\/privacy-policy\/\" \/>\n<meta property=\"og:locale\" content=\"ar_AR\" \/>\n<meta property=\"og:type\" content=\"article\" \/>\n<meta property=\"og:title\" content=\"Politique de confidentialit\u00e9 - Waficlub\" \/>\n<meta property=\"og:url\" content=\"https:\/\/waficlub.dz\/ar\/privacy-policy\/\" \/>\n<meta property=\"og:site_name\" content=\"Waficlub\" \/>\n<meta property=\"article:modified_time\" content=\"2025-08-03T13:06:32+00:00\" \/>\n<meta name=\"twitter:card\" content=\"summary_large_image\" \/>\n<meta name=\"twitter:label1\" content=\"\u0648\u0642\u062a \u0627\u0644\u0642\u0631\u0627\u0621\u0629 \u0627\u0644\u0645\u064f\u0642\u062f\u0651\u0631\" \/>\n\t<meta name=\"twitter:data1\" content=\"\u062f\u0642\u064a\u0642\u062a\u0627\u0646\" \/>\n<script type=\"application\/ld+json\" class=\"yoast-schema-graph\">{\"@context\":\"https:\/\/schema.org\",\"@graph\":[{\"@type\":\"WebPage\",\"@id\":\"https:\/\/waficlub.dz\/privacy-policy\",\"url\":\"https:\/\/waficlub.dz\/privacy-policy\",\"name\":\"Politique de confidentialit\u00e9 - Waficlub\",\"isPartOf\":{\"@id\":\"https:\/\/waficlub.dz\/#website\"},\"datePublished\":\"2024-01-07T08:54:24+00:00\",\"dateModified\":\"2025-08-03T13:06:32+00:00\",\"breadcrumb\":{\"@id\":\"https:\/\/waficlub.dz\/privacy-policy#breadcrumb\"},\"inLanguage\":\"ar\",\"potentialAction\":[{\"@type\":\"ReadAction\",\"target\":[\"https:\/\/waficlub.dz\/privacy-policy\"]}]},{\"@type\":\"BreadcrumbList\",\"@id\":\"https:\/\/waficlub.dz\/privacy-policy#breadcrumb\",\"itemListElement\":[{\"@type\":\"ListItem\",\"position\":1,\"name\":\"Accueil\",\"item\":\"https:\/\/waficlub.dz\/\"},{\"@type\":\"ListItem\",\"position\":2,\"name\":\"Politique de confidentialit\u00e9\"}]},{\"@type\":\"WebSite\",\"@id\":\"https:\/\/waficlub.dz\/#website\",\"url\":\"https:\/\/waficlub.dz\/\",\"name\":\"Waficlub\",\"description\":\"Programme de fid\u00e9lit\u00e9 en Alg\u00e9rie\",\"potentialAction\":[{\"@type\":\"SearchAction\",\"target\":{\"@type\":\"EntryPoint\",\"urlTemplate\":\"https:\/\/waficlub.dz\/?s={search_term_string}\"},\"query-input\":\"required name=search_term_string\"}],\"inLanguage\":\"ar\"}]}<\/script>\n<!-- \/ Yoast SEO plugin. -->","yoast_head_json":{"title":"Politique de confidentialit\u00e9 - Waficlub","robots":{"index":"index","follow":"follow","max-snippet":"max-snippet:-1","max-image-preview":"max-image-preview:large","max-video-preview":"max-video-preview:-1"},"canonical":"https:\/\/waficlub.dz\/ar\/privacy-policy\/","og_locale":"ar_AR","og_type":"article","og_title":"Politique de confidentialit\u00e9 - Waficlub","og_url":"https:\/\/waficlub.dz\/ar\/privacy-policy\/","og_site_name":"Waficlub","article_modified_time":"2025-08-03T13:06:32+00:00","twitter_card":"summary_large_image","twitter_misc":{"\u0648\u0642\u062a \u0627\u0644\u0642\u0631\u0627\u0621\u0629 \u0627\u0644\u0645\u064f\u0642\u062f\u0651\u0631":"\u062f\u0642\u064a\u0642\u062a\u0627\u0646"},"schema":{"@context":"https:\/\/schema.org","@graph":[{"@type":"WebPage","@id":"https:\/\/waficlub.dz\/privacy-policy","url":"https:\/\/waficlub.dz\/privacy-policy","name":"Politique de confidentialit\u00e9 - Waficlub","isPartOf":{"@id":"https:\/\/waficlub.dz\/#website"},"datePublished":"2024-01-07T08:54:24+00:00","dateModified":"2025-08-03T13:06:32+00:00","breadcrumb":{"@id":"https:\/\/waficlub.dz\/privacy-policy#breadcrumb"},"inLanguage":"ar","potentialAction":[{"@type":"ReadAction","target":["https:\/\/waficlub.dz\/privacy-policy"]}]},{"@type":"BreadcrumbList","@id":"https:\/\/waficlub.dz\/privacy-policy#breadcrumb","itemListElement":[{"@type":"ListItem","position":1,"name":"Accueil","item":"https:\/\/waficlub.dz\/"},{"@type":"ListItem","position":2,"name":"Politique de confidentialit\u00e9"}]},{"@type":"WebSite","@id":"https:\/\/waficlub.dz\/#website","url":"https:\/\/waficlub.dz\/","name":"Waficlub","description":"Programme de fid\u00e9lit\u00e9 en Alg\u00e9rie","potentialAction":[{"@type":"SearchAction","target":{"@type":"EntryPoint","urlTemplate":"https:\/\/waficlub.dz\/?s={search_term_string}"},"query-input":"required name=search_term_string"}],"inLanguage":"ar"}]}},"jetpack_sharing_enabled":true,"_links":{"self":[{"href":"https:\/\/waficlub.dz\/ar\/wp-json\/wp\/v2\/pages\/3","targetHints":{"allow":["GET"]}}],"collection":[{"href":"https:\/\/waficlub.dz\/ar\/wp-json\/wp\/v2\/pages"}],"about":[{"href":"https:\/\/waficlub.dz\/ar\/wp-json\/wp\/v2\/types\/page"}],"author":[{"embeddable":true,"href":"https:\/\/waficlub.dz\/ar\/wp-json\/wp\/v2\/users\/1"}],"replies":[{"embeddable":true,"href":"https:\/\/waficlub.dz\/ar\/wp-json\/wp\/v2\/comments?post=3"}],"version-history":[{"count":5,"href":"https:\/\/waficlub.dz\/ar\/wp-json\/wp\/v2\/pages\/3\/revisions"}],"predecessor-version":[{"id":2280,"href":"https:\/\/waficlub.dz\/ar\/wp-json\/wp\/v2\/pages\/3\/revisions\/2280"}],"wp:attachment":[{"href":"https:\/\/waficlub.dz\/ar\/wp-json\/wp\/v2\/media?parent=3"}],"curies":[{"name":"wp","href":"https:\/\/api.w.org\/{rel}","templated":true}]}}