{"id":2272,"date":"2025-08-03T13:55:44","date_gmt":"2025-08-03T12:55:44","guid":{"rendered":"https:\/\/waficlub.dz\/?page_id=2272"},"modified":"2025-08-03T13:56:54","modified_gmt":"2025-08-03T12:56:54","slug":"suppression-du-compte","status":"publish","type":"page","link":"https:\/\/waficlub.dz\/ar\/suppression-du-compte","title":{"rendered":"Suppression du compte WafiClub"},"content":{"rendered":"<div class=\"fusion-fullwidth fullwidth-box fusion-builder-row-1 fusion-flex-container has-pattern-background has-mask-background nonhundred-percent-fullwidth non-hundred-percent-height-scrolling\" style=\"--awb-border-radius-top-left:0px;--awb-border-radius-top-right:0px;--awb-border-radius-bottom-right:0px;--awb-border-radius-bottom-left:0px;--awb-flex-wrap:wrap;\" ><div class=\"fusion-builder-row fusion-row fusion-flex-align-items-flex-start fusion-flex-content-wrap\" style=\"max-width:1435.2px;margin-left: calc(-4% \/ 2 );margin-right: calc(-4% \/ 2 );\"><div class=\"fusion-layout-column fusion_builder_column fusion-builder-column-0 fusion_builder_column_1_1 1_1 fusion-flex-column\" style=\"--awb-bg-size:cover;--awb-width-large:100%;--awb-margin-top-large:0px;--awb-spacing-right-large:1.92%;--awb-margin-bottom-large:20px;--awb-spacing-left-large:1.92%;--awb-width-medium:100%;--awb-order-medium:0;--awb-spacing-right-medium:1.92%;--awb-spacing-left-medium:1.92%;--awb-width-small:100%;--awb-order-small:0;--awb-spacing-right-small:1.92%;--awb-spacing-left-small:1.92%;\"><div class=\"fusion-column-wrapper fusion-column-has-shadow fusion-flex-justify-content-flex-start fusion-content-layout-column\"><div class=\"fusion-title title fusion-title-1 fusion-sep-none fusion-title-text fusion-title-size-one\"><h1 class=\"fusion-title-heading title-heading-left fusion-responsive-typography-calculated\" style=\"margin:0;--fontSize:40;line-height:1.2;\"><div class=\"fusion-toggle-heading\">\u0643\u064a\u0641 \u064a\u0645\u0643\u0646\u0646\u064a \u062d\u0630\u0641 \u062d\u0633\u0627\u0628\u064a\u061f<\/div><\/h1><\/div><div class=\"fusion-text fusion-text-1\"><p data-start=\"52\" data-end=\"212\">\u0644\u062d\u0630\u0641 \u062d\u0633\u0627\u0628\u0643\u060c \u064a\u064f\u0631\u062c\u0649 \u0625\u0631\u0633\u0627\u0644 \u0637\u0644\u0628 \u0639\u0628\u0631 \u0627\u0644\u0628\u0631\u064a\u062f \u0627\u0644\u0625\u0644\u0643\u062a\u0631\u0648\u0646\u064a \u0625\u0644\u0649 \u0627\u0644\u0639\u0646\u0648\u0627\u0646 <strong data-start=\"133\" data-end=\"162\"><a class=\"cursor-pointer\" rel=\"noopener\" data-start=\"135\" data-end=\"160\">contact@connectics.dz<\/a><\/strong>\u0645\u0639 \u0630\u0643\u0631 \u0627\u0633\u0645 \u0627\u0644\u0645\u0633\u062a\u062e\u062f\u0645 \u0627\u0644\u062e\u0627\u0635 \u0628\u0643 \u0628\u0634\u0643\u0644 \u0648\u0627\u0636\u062d.<\/p>\n<p data-start=\"214\" data-end=\"268\"><strong data-start=\"214\" data-end=\"233\">\u0645\u0648\u0636\u0648\u0639 \u0627\u0644\u0628\u0631\u064a\u062f \u0627\u0644\u0625\u0644\u0643\u062a\u0631\u0648\u0646\u064a:<\/strong> <em data-start=\"234\" data-end=\"268\">\u0637\u0644\u0628 \u062d\u0630\u0641 \u062d\u0633\u0627\u0628<\/em><\/p>\n<p data-start=\"270\" data-end=\"423\" data-is-last-node=\"\" data-is-only-node=\"\">\u0628\u0645\u062c\u0631\u062f \u0627\u0633\u062a\u0644\u0627\u0645 \u0637\u0644\u0628\u0643\u060c \u0633\u064a\u062a\u0645 \u062d\u0630\u0641 \u062c\u0645\u064a\u0639 \u0645\u0639\u0644\u0648\u0645\u0627\u062a\u0643 \u0646\u0647\u0627\u0626\u064a\u064b\u0627 \u0645\u0646 \u0642\u0648\u0627\u0639\u062f \u0628\u064a\u0627\u0646\u0627\u062a\u0646\u0627\u060c \u0648\u0641\u0642\u064b\u0627 \u0644\u0633\u064a\u0627\u0633\u0629 \u0627\u0644\u062e\u0635\u0648\u0635\u064a\u0629 \u0627\u0644\u062e\u0627\u0635\u0629 \u0628\u0646\u0627.<\/p>\n<\/div><\/div><\/div><\/div><\/div>","protected":false},"excerpt":{"rendered":"","protected":false},"author":1,"featured_media":0,"parent":0,"menu_order":0,"comment_status":"closed","ping_status":"closed","template":"","meta":{"content-type":"","inline_featured_image":false,"_monsterinsights_skip_tracking":false,"_monsterinsights_sitenote_active":false,"_monsterinsights_sitenote_note":"","_monsterinsights_sitenote_category":0,"footnotes":""},"class_list":["post-2272","page","type-page","status-publish","hentry"],"yoast_head":"<!-- This site is optimized with the Yoast SEO plugin v21.8 - https:\/\/yoast.com\/wordpress\/plugins\/seo\/ -->\n<title>Suppression du compte WafiClub - Waficlub<\/title>\n<meta name=\"robots\" content=\"index, follow, max-snippet:-1, max-image-preview:large, max-video-preview:-1\" \/>\n<link rel=\"canonical\" href=\"https:\/\/waficlub.dz\/ar\/suppression-du-compte\/\" \/>\n<meta property=\"og:locale\" content=\"ar_AR\" \/>\n<meta property=\"og:type\" content=\"article\" \/>\n<meta property=\"og:title\" content=\"Suppression du compte WafiClub - Waficlub\" \/>\n<meta property=\"og:url\" content=\"https:\/\/waficlub.dz\/ar\/suppression-du-compte\/\" \/>\n<meta property=\"og:site_name\" content=\"Waficlub\" \/>\n<meta property=\"article:modified_time\" content=\"2025-08-03T12:56:54+00:00\" \/>\n<meta name=\"twitter:card\" content=\"summary_large_image\" \/>\n<meta name=\"twitter:label1\" content=\"\u0648\u0642\u062a \u0627\u0644\u0642\u0631\u0627\u0621\u0629 \u0627\u0644\u0645\u064f\u0642\u062f\u0651\u0631\" \/>\n\t<meta name=\"twitter:data1\" content=\"\u062f\u0642\u064a\u0642\u0629 \u0648\u0627\u062d\u062f\u0629\" \/>\n<script type=\"application\/ld+json\" class=\"yoast-schema-graph\">{\"@context\":\"https:\/\/schema.org\",\"@graph\":[{\"@type\":\"WebPage\",\"@id\":\"https:\/\/waficlub.dz\/suppression-du-compte\",\"url\":\"https:\/\/waficlub.dz\/suppression-du-compte\",\"name\":\"Suppression du compte WafiClub - Waficlub\",\"isPartOf\":{\"@id\":\"https:\/\/waficlub.dz\/#website\"},\"datePublished\":\"2025-08-03T12:55:44+00:00\",\"dateModified\":\"2025-08-03T12:56:54+00:00\",\"breadcrumb\":{\"@id\":\"https:\/\/waficlub.dz\/suppression-du-compte#breadcrumb\"},\"inLanguage\":\"ar\",\"potentialAction\":[{\"@type\":\"ReadAction\",\"target\":[\"https:\/\/waficlub.dz\/suppression-du-compte\"]}]},{\"@type\":\"BreadcrumbList\",\"@id\":\"https:\/\/waficlub.dz\/suppression-du-compte#breadcrumb\",\"itemListElement\":[{\"@type\":\"ListItem\",\"position\":1,\"name\":\"Accueil\",\"item\":\"https:\/\/waficlub.dz\/\"},{\"@type\":\"ListItem\",\"position\":2,\"name\":\"Suppression du compte WafiClub\"}]},{\"@type\":\"WebSite\",\"@id\":\"https:\/\/waficlub.dz\/#website\",\"url\":\"https:\/\/waficlub.dz\/\",\"name\":\"Waficlub\",\"description\":\"Programme de fid\u00e9lit\u00e9 en Alg\u00e9rie\",\"potentialAction\":[{\"@type\":\"SearchAction\",\"target\":{\"@type\":\"EntryPoint\",\"urlTemplate\":\"https:\/\/waficlub.dz\/?s={search_term_string}\"},\"query-input\":\"required name=search_term_string\"}],\"inLanguage\":\"ar\"}]}<\/script>\n<!-- \/ Yoast SEO plugin. -->","yoast_head_json":{"title":"Suppression du compte WafiClub - Waficlub","robots":{"index":"index","follow":"follow","max-snippet":"max-snippet:-1","max-image-preview":"max-image-preview:large","max-video-preview":"max-video-preview:-1"},"canonical":"https:\/\/waficlub.dz\/ar\/suppression-du-compte\/","og_locale":"ar_AR","og_type":"article","og_title":"Suppression du compte WafiClub - Waficlub","og_url":"https:\/\/waficlub.dz\/ar\/suppression-du-compte\/","og_site_name":"Waficlub","article_modified_time":"2025-08-03T12:56:54+00:00","twitter_card":"summary_large_image","twitter_misc":{"\u0648\u0642\u062a \u0627\u0644\u0642\u0631\u0627\u0621\u0629 \u0627\u0644\u0645\u064f\u0642\u062f\u0651\u0631":"\u062f\u0642\u064a\u0642\u0629 \u0648\u0627\u062d\u062f\u0629"},"schema":{"@context":"https:\/\/schema.org","@graph":[{"@type":"WebPage","@id":"https:\/\/waficlub.dz\/suppression-du-compte","url":"https:\/\/waficlub.dz\/suppression-du-compte","name":"Suppression du compte WafiClub - Waficlub","isPartOf":{"@id":"https:\/\/waficlub.dz\/#website"},"datePublished":"2025-08-03T12:55:44+00:00","dateModified":"2025-08-03T12:56:54+00:00","breadcrumb":{"@id":"https:\/\/waficlub.dz\/suppression-du-compte#breadcrumb"},"inLanguage":"ar","potentialAction":[{"@type":"ReadAction","target":["https:\/\/waficlub.dz\/suppression-du-compte"]}]},{"@type":"BreadcrumbList","@id":"https:\/\/waficlub.dz\/suppression-du-compte#breadcrumb","itemListElement":[{"@type":"ListItem","position":1,"name":"Accueil","item":"https:\/\/waficlub.dz\/"},{"@type":"ListItem","position":2,"name":"Suppression du compte WafiClub"}]},{"@type":"WebSite","@id":"https:\/\/waficlub.dz\/#website","url":"https:\/\/waficlub.dz\/","name":"Waficlub","description":"Programme de fid\u00e9lit\u00e9 en Alg\u00e9rie","potentialAction":[{"@type":"SearchAction","target":{"@type":"EntryPoint","urlTemplate":"https:\/\/waficlub.dz\/?s={search_term_string}"},"query-input":"required name=search_term_string"}],"inLanguage":"ar"}]}},"jetpack_sharing_enabled":true,"_links":{"self":[{"href":"https:\/\/waficlub.dz\/ar\/wp-json\/wp\/v2\/pages\/2272","targetHints":{"allow":["GET"]}}],"collection":[{"href":"https:\/\/waficlub.dz\/ar\/wp-json\/wp\/v2\/pages"}],"about":[{"href":"https:\/\/waficlub.dz\/ar\/wp-json\/wp\/v2\/types\/page"}],"author":[{"embeddable":true,"href":"https:\/\/waficlub.dz\/ar\/wp-json\/wp\/v2\/users\/1"}],"replies":[{"embeddable":true,"href":"https:\/\/waficlub.dz\/ar\/wp-json\/wp\/v2\/comments?post=2272"}],"version-history":[{"count":5,"href":"https:\/\/waficlub.dz\/ar\/wp-json\/wp\/v2\/pages\/2272\/revisions"}],"predecessor-version":[{"id":2279,"href":"https:\/\/waficlub.dz\/ar\/wp-json\/wp\/v2\/pages\/2272\/revisions\/2279"}],"wp:attachment":[{"href":"https:\/\/waficlub.dz\/ar\/wp-json\/wp\/v2\/media?parent=2272"}],"curies":[{"name":"wp","href":"https:\/\/api.w.org\/{rel}","templated":true}]}}