{"id":1594,"date":"2024-07-09T11:18:26","date_gmt":"2024-07-09T10:18:26","guid":{"rendered":"https:\/\/waficlub.dz\/?page_id=1594"},"modified":"2024-07-17T09:32:51","modified_gmt":"2024-07-17T08:32:51","slug":"automobile-accessoires","status":"publish","type":"page","link":"https:\/\/waficlub.dz\/ar\/cadeaux\/automobile-accessoires","title":{"rendered":"Automobile, accessoires"},"content":{"rendered":"<p><div class=\"fusion-fullwidth fullwidth-box fusion-builder-row-1 fusion-flex-container has-pattern-background has-mask-background nonhundred-percent-fullwidth non-hundred-percent-height-scrolling\" style=\"--awb-border-radius-top-left:0px;--awb-border-radius-top-right:0px;--awb-border-radius-bottom-right:0px;--awb-border-radius-bottom-left:0px;--awb-padding-bottom:0px;--awb-margin-bottom:0px;--awb-flex-wrap:wrap;\" ><div class=\"fusion-builder-row fusion-row fusion-flex-align-items-flex-start fusion-flex-content-wrap\" style=\"max-width:1435.2px;margin-left: calc(-4% \/ 2 );margin-right: calc(-4% \/ 2 );\"><div class=\"fusion-layout-column fusion_builder_column fusion-builder-column-0 fusion_builder_column_1_1 1_1 fusion-flex-column\" style=\"--awb-bg-size:cover;--awb-width-large:100%;--awb-margin-top-large:0px;--awb-spacing-right-large:1.92%;--awb-margin-bottom-large:20px;--awb-spacing-left-large:1.92%;--awb-width-medium:100%;--awb-order-medium:0;--awb-spacing-right-medium:1.92%;--awb-spacing-left-medium:1.92%;--awb-width-small:100%;--awb-order-small:0;--awb-spacing-right-small:1.92%;--awb-spacing-left-small:1.92%;\"><div class=\"fusion-column-wrapper fusion-column-has-shadow fusion-flex-justify-content-flex-start fusion-content-layout-column\"><div class=\"fusion-title title fusion-title-1 fusion-sep-none fusion-title-text fusion-title-size-one\"><h1 class=\"fusion-title-heading title-heading-left fusion-responsive-typography-calculated\" style=\"margin:0;--fontSize:40;line-height:1.2;\">\u0627\u0643\u062a\u0634\u0641 \u0645\u062c\u0645\u0648\u0639\u062a\u0646\u0627 \u0627\u0644\u0645\u062e\u062a\u0627\u0631\u0629 \u0645\u0646 \u0627\u0644\u0647\u062f\u0627\u064a\u0627<\/h1><\/div><nav class=\"awb-menu awb-menu_row awb-menu_em-hover mobile-mode-collapse-to-button awb-menu_icons-left awb-menu_dc-yes mobile-trigger-fullwidth-off awb-menu_mobile-toggle awb-menu_indent-left mobile-size-full-absolute loading mega-menu-loading awb-menu_desktop awb-menu_arrows-active awb-menu_dropdown awb-menu_expand-right awb-menu_transition-fade menu-cadeaux\" style=\"--awb-gap:20px;--awb-align-items:flex-start;--awb-submenu-text-transform:none;--awb-arrows-size-height:16px;--awb-arrows-size-width:16px;--awb-main-justify-content:flex-start;--awb-mobile-justify:flex-end;--awb-mobile-caret-left:auto;--awb-mobile-caret-right:0;--awb-fusion-font-family-typography:inherit;--awb-fusion-font-style-typography:normal;--awb-fusion-font-weight-typography:400;--awb-fusion-font-family-submenu-typography:inherit;--awb-fusion-font-style-submenu-typography:normal;--awb-fusion-font-weight-submenu-typography:400;--awb-fusion-font-family-mobile-typography:inherit;--awb-fusion-font-style-mobile-typography:normal;--awb-fusion-font-weight-mobile-typography:400;\" aria-label=\"\u0627\u0644\u0647\u062f\u0627\u064a\u0627\" data-breakpoint=\"1198\" data-count=\"0\" data-transition-type=\"fade\" data-transition-time=\"300\" data-expand=\"right\"><button type=\"button\" class=\"awb-menu__m-toggle awb-menu__m-toggle_no-text\" aria-expanded=\"false\" aria-controls=\"menu-cadeaux\"><span class=\"awb-menu__m-toggle-inner\"><span class=\"collapsed-nav-text\"><span class=\"screen-reader-text\">Toggle Navigation<\/span><\/span><span class=\"awb-menu__m-collapse-icon awb-menu__m-collapse-icon_no-text\"><span class=\"awb-menu__m-collapse-icon-open awb-menu__m-collapse-icon-open_no-text fa-bars fas\"><\/span><span class=\"awb-menu__m-collapse-icon-close awb-menu__m-collapse-icon-close_no-text fa-times fas\"><\/span><\/span><\/span><\/button><ul id=\"menu-cadeaux\" class=\"fusion-menu awb-menu__main-ul awb-menu__main-ul_row\"><li  id=\"menu-item-1613\"  class=\"menu-item menu-item-type-post_type menu-item-object-page menu-item-1613 awb-menu__li awb-menu__main-li awb-menu__main-li_regular awb-menu__main-li_with-active-arrow awb-menu__main-li_with-main-arrow awb-menu__main-li_with-arrow\"  data-item-id=\"1613\"><span class=\"awb-menu__main-background-default awb-menu__main-background-default_fade\"><\/span><span class=\"awb-menu__main-background-active awb-menu__main-background-active_fade\"><\/span><a  href=\"https:\/\/waficlub.dz\/ar\/cadeaux\/recharge-mobile\" class=\"awb-menu__main-a awb-menu__main-a_regular\"><span class=\"menu-text\">Recharge Mobile<\/span><\/a><\/li><li  id=\"menu-item-1612\"  class=\"menu-item menu-item-type-post_type menu-item-object-page menu-item-1612 awb-menu__li awb-menu__main-li awb-menu__main-li_regular awb-menu__main-li_with-active-arrow awb-menu__main-li_with-main-arrow awb-menu__main-li_with-arrow\"  data-item-id=\"1612\"><span class=\"awb-menu__main-background-default awb-menu__main-background-default_fade\"><\/span><span class=\"awb-menu__main-background-active awb-menu__main-background-active_fade\"><\/span><a  href=\"https:\/\/waficlub.dz\/ar\/cadeaux\/bon-dachat-cartes-cadeaux\" class=\"awb-menu__main-a awb-menu__main-a_regular\"><span class=\"menu-text\">Bon d\u2019achat, cartes cadeaux<\/span><\/a><\/li><li  id=\"menu-item-1611\"  class=\"menu-item menu-item-type-post_type menu-item-object-page menu-item-1611 awb-menu__li awb-menu__main-li awb-menu__main-li_regular awb-menu__main-li_with-active-arrow awb-menu__main-li_with-main-arrow awb-menu__main-li_with-arrow\"  data-item-id=\"1611\"><span class=\"awb-menu__main-background-default awb-menu__main-background-default_fade\"><\/span><span class=\"awb-menu__main-background-active awb-menu__main-background-active_fade\"><\/span><a  href=\"https:\/\/waficlub.dz\/ar\/cadeaux\/culture-loisirs-bien-etre\" class=\"awb-menu__main-a awb-menu__main-a_regular\"><span class=\"menu-text\">Culture, loisirs, bien \u00eatre<\/span><\/a><\/li><li  id=\"menu-item-1601\"  class=\"menu-item menu-item-type-post_type menu-item-object-page menu-item-1601 awb-menu__li awb-menu__main-li awb-menu__main-li_regular awb-menu__main-li_with-active-arrow awb-menu__main-li_with-main-arrow awb-menu__main-li_with-arrow\"  data-item-id=\"1601\"><span class=\"awb-menu__main-background-default awb-menu__main-background-default_fade\"><\/span><span class=\"awb-menu__main-background-active awb-menu__main-background-active_fade\"><\/span><a  href=\"https:\/\/waficlub.dz\/ar\/cadeaux\/automobile-accessoires\" class=\"awb-menu__main-a awb-menu__main-a_regular\"><span class=\"menu-text\">Automobile, accessoires<\/span><\/a><\/li><li  id=\"menu-item-1600\"  class=\"menu-item menu-item-type-post_type menu-item-object-page menu-item-1600 awb-menu__li awb-menu__main-li awb-menu__main-li_regular awb-menu__main-li_with-active-arrow awb-menu__main-li_with-main-arrow awb-menu__main-li_with-arrow\"  data-item-id=\"1600\"><span class=\"awb-menu__main-background-default awb-menu__main-background-default_fade\"><\/span><span class=\"awb-menu__main-background-active awb-menu__main-background-active_fade\"><\/span><a  href=\"https:\/\/waficlub.dz\/ar\/cadeaux\/maison\" class=\"awb-menu__main-a awb-menu__main-a_regular\"><span class=\"menu-text\">Maison<\/span><\/a><\/li><li  id=\"menu-item-2329\"  class=\"menu-item menu-item-type-post_type menu-item-object-page menu-item-2329 awb-menu__li awb-menu__main-li awb-menu__main-li_regular awb-menu__main-li_with-active-arrow awb-menu__main-li_with-main-arrow awb-menu__main-li_with-arrow\"  data-item-id=\"2329\"><span class=\"awb-menu__main-background-default awb-menu__main-background-default_fade\"><\/span><span class=\"awb-menu__main-background-active awb-menu__main-background-active_fade\"><\/span><a  title=\"Recharge MOBILE\" href=\"https:\/\/waficlub.dz\/ar\/cadeaux\/recharge-mobile\" class=\"awb-menu__main-a awb-menu__main-a_regular\"><span class=\"menu-text\">Recharge MOBILE<\/span><\/a><\/li><\/ul><\/nav><\/div><\/div><\/div><\/div><div class=\"fusion-fullwidth fullwidth-box fusion-builder-row-2 fusion-flex-container nonhundred-percent-fullwidth non-hundred-percent-height-scrolling\" style=\"--awb-border-radius-top-left:0px;--awb-border-radius-top-right:0px;--awb-border-radius-bottom-right:0px;--awb-border-radius-bottom-left:0px;--awb-padding-top:5vh;--awb-padding-bottom:5vh;--awb-padding-top-small:0px;--awb-padding-bottom-small:0px;--awb-flex-wrap:wrap;\" ><div class=\"fusion-builder-row fusion-row fusion-flex-align-items-stretch fusion-flex-content-wrap\" style=\"max-width:calc( 1380px + 0px );margin-left: calc(-0px \/ 2 );margin-right: calc(-0px \/ 2 );\"><div class=\"fusion-layout-column fusion_builder_column fusion-builder-column-1 fusion_builder_column_1_2 1_2 fusion-flex-column\" style=\"--awb-padding-top:5vh;--awb-padding-right:5vh;--awb-padding-bottom:5vh;--awb-padding-left:5vh;--awb-padding-top-small:5vh;--awb-padding-right-small:3vh;--awb-padding-bottom-small:5vh;--awb-padding-left-small:3vh;--awb-bg-size:cover;--awb-border-color:var(--awb-color2);--awb-border-top:3px;--awb-border-right:3px;--awb-border-bottom:3px;--awb-border-left:3px;--awb-border-style:solid;--awb-width-large:50%;--awb-margin-top-large:0px;--awb-spacing-right-large:0px;--awb-margin-bottom-large:0px;--awb-spacing-left-large:0;--awb-width-medium:50%;--awb-order-medium:0;--awb-spacing-right-medium:0px;--awb-spacing-left-medium:0;--awb-width-small:100%;--awb-order-small:0;--awb-spacing-right-small:0;--awb-spacing-left-small:0;\"><div class=\"fusion-column-wrapper fusion-column-has-shadow fusion-flex-justify-content-space-between fusion-content-layout-column\"><div class=\"fusion-image-element\" style=\"text-align:center;--awb-aspect-ratio: 100 \/ 100;--awb-object-position:51% 72%;--awb-margin-bottom:4vh;--awb-max-width:190px;--awb-caption-title-font-family:var(--h2_typography-font-family);--awb-caption-title-font-weight:var(--h2_typography-font-weight);--awb-caption-title-font-style:var(--h2_typography-font-style);--awb-caption-title-size:var(--h2_typography-font-size);--awb-caption-title-transform:var(--h2_typography-text-transform);--awb-caption-title-line-height:var(--h2_typography-line-height);--awb-caption-title-letter-spacing:var(--h2_typography-letter-spacing);\"><div style=\"display:inline-block;width:190px;\"><span class=\"fusion-imageframe imageframe-none imageframe-1 hover-type-none has-aspect-ratio\" style=\"border-radius:20px;\"><img decoding=\"async\" width=\"963\" height=\"641\" title=\"4da551bf60d75ae47fd18a21e01416bc\" src=\"https:\/\/waficlub.dz\/wp-content\/uploads\/2024\/07\/4da551bf60d75ae47fd18a21e01416bc.jpg\" data-orig-src=\"https:\/\/waficlub.dz\/wp-content\/uploads\/2024\/07\/4da551bf60d75ae47fd18a21e01416bc.jpg\" class=\"lazyload img-responsive wp-image-1648 img-with-aspect-ratio\" alt srcset=\"data:image\/svg+xml,%3Csvg%20xmlns%3D%27http%3A%2F%2Fwww.w3.org%2F2000%2Fsvg%27%20width%3D%27963%27%20height%3D%27641%27%20viewBox%3D%270%200%20963%20641%27%3E%3Crect%20width%3D%27963%27%20height%3D%27641%27%20fill-opacity%3D%220%22%2F%3E%3C%2Fsvg%3E\" data-srcset=\"https:\/\/waficlub.dz\/wp-content\/uploads\/2024\/07\/4da551bf60d75ae47fd18a21e01416bc-200x133.jpg 200w, https:\/\/waficlub.dz\/wp-content\/uploads\/2024\/07\/4da551bf60d75ae47fd18a21e01416bc-400x266.jpg 400w, https:\/\/waficlub.dz\/wp-content\/uploads\/2024\/07\/4da551bf60d75ae47fd18a21e01416bc-600x399.jpg 600w, https:\/\/waficlub.dz\/wp-content\/uploads\/2024\/07\/4da551bf60d75ae47fd18a21e01416bc-800x533.jpg 800w, https:\/\/waficlub.dz\/wp-content\/uploads\/2024\/07\/4da551bf60d75ae47fd18a21e01416bc.jpg 963w\" data-sizes=\"auto\" data-orig-sizes=\"(max-width: 957px) 100vw, 800px\" \/><\/span><\/div><\/div><div class=\"fusion-title title fusion-title-2 fusion-sep-none fusion-title-center fusion-title-marquee fusion-loop-on fusion-title-size-two\" style=\"--awb-margin-bottom:3vh;--awb-margin-bottom-medium:2vh;--awb-marquee-speed:5000ms;--awb-marquee-translate-x:-100%;--awb-font-size:var(--awb-typography3-font-size);\"><h2 class=\"fusion-title-heading title-heading-center awb-marquee-left fusion-responsive-typography-calculated\" style=\"margin:0;font-size:1em;--fontSize:16;--minFontSize:16;line-height:var(--awb-typography1-line-height);\" dir=\"ltr\"><span dir=\"rtl\" class=\"awb-marquee-content\">Compresseur\/ Gonfleur de pneus<\/span><span dir=\"rtl\" class=\"awb-marquee-content\">Compresseur\/ Gonfleur de pneus<\/span><\/h2><\/div><div class=\"fusion-text fusion-text-1\" style=\"--awb-content-alignment:center;\"><p>7350 points<\/p>\n<\/div><div style=\"text-align:center;\"><a class=\"fusion-button button-flat button-xlarge button-default fusion-button-default button-1 fusion-button-default-span fusion-button-default-type\" target=\"_self\" href=\"https:\/\/waficlub.dz\/ar\/actualite\/bienvenue-sur-waficlub\/\"><span class=\"fusion-button-text\">\u0627\u0631\u0628\u062d \u0647\u0630\u0647 \u0627\u0644\u0647\u062f\u064a\u0629<\/span><\/a><\/div><\/div><\/div><div class=\"fusion-layout-column fusion_builder_column fusion-builder-column-2 fusion_builder_column_1_2 1_2 fusion-flex-column\" style=\"--awb-padding-top:5vh;--awb-padding-right:5vh;--awb-padding-bottom:5vh;--awb-padding-left:5vh;--awb-padding-top-small:5vh;--awb-padding-right-small:3vh;--awb-padding-bottom-small:5vh;--awb-padding-left-small:3vh;--awb-bg-size:cover;--awb-border-color:var(--awb-color2);--awb-border-top:3px;--awb-border-right:3px;--awb-border-bottom:3px;--awb-border-left:3px;--awb-border-style:solid;--awb-width-large:50%;--awb-margin-top-large:0px;--awb-spacing-right-large:0px;--awb-margin-bottom-large:0px;--awb-spacing-left-large:0;--awb-width-medium:50%;--awb-order-medium:0;--awb-spacing-right-medium:0px;--awb-spacing-left-medium:0;--awb-width-small:100%;--awb-order-small:0;--awb-spacing-right-small:0;--awb-spacing-left-small:0;\"><div class=\"fusion-column-wrapper fusion-column-has-shadow fusion-flex-justify-content-space-between fusion-content-layout-column\"><div class=\"fusion-image-element\" style=\"text-align:center;--awb-aspect-ratio: 100 \/ 100;--awb-object-position:65% 69%;--awb-margin-bottom:4vh;--awb-max-width:190px;--awb-caption-title-font-family:var(--h2_typography-font-family);--awb-caption-title-font-weight:var(--h2_typography-font-weight);--awb-caption-title-font-style:var(--h2_typography-font-style);--awb-caption-title-size:var(--h2_typography-font-size);--awb-caption-title-transform:var(--h2_typography-text-transform);--awb-caption-title-line-height:var(--h2_typography-line-height);--awb-caption-title-letter-spacing:var(--h2_typography-letter-spacing);\"><div style=\"display:inline-block;width:190px;\"><span class=\"fusion-imageframe imageframe-none imageframe-2 hover-type-none has-aspect-ratio\" style=\"border-radius:20px;\"><img decoding=\"async\" width=\"963\" height=\"641\" title=\"a1fbd4daa5925f10dd94dffe723e383b\" src=\"https:\/\/waficlub.dz\/wp-content\/uploads\/2024\/07\/a1fbd4daa5925f10dd94dffe723e383b.jpg\" data-orig-src=\"https:\/\/waficlub.dz\/wp-content\/uploads\/2024\/07\/a1fbd4daa5925f10dd94dffe723e383b.jpg\" class=\"lazyload img-responsive wp-image-1649 img-with-aspect-ratio\" alt srcset=\"data:image\/svg+xml,%3Csvg%20xmlns%3D%27http%3A%2F%2Fwww.w3.org%2F2000%2Fsvg%27%20width%3D%27963%27%20height%3D%27641%27%20viewBox%3D%270%200%20963%20641%27%3E%3Crect%20width%3D%27963%27%20height%3D%27641%27%20fill-opacity%3D%220%22%2F%3E%3C%2Fsvg%3E\" data-srcset=\"https:\/\/waficlub.dz\/wp-content\/uploads\/2024\/07\/a1fbd4daa5925f10dd94dffe723e383b-200x133.jpg 200w, https:\/\/waficlub.dz\/wp-content\/uploads\/2024\/07\/a1fbd4daa5925f10dd94dffe723e383b-400x266.jpg 400w, https:\/\/waficlub.dz\/wp-content\/uploads\/2024\/07\/a1fbd4daa5925f10dd94dffe723e383b-600x399.jpg 600w, https:\/\/waficlub.dz\/wp-content\/uploads\/2024\/07\/a1fbd4daa5925f10dd94dffe723e383b-800x533.jpg 800w, https:\/\/waficlub.dz\/wp-content\/uploads\/2024\/07\/a1fbd4daa5925f10dd94dffe723e383b.jpg 963w\" data-sizes=\"auto\" data-orig-sizes=\"(max-width: 957px) 100vw, 800px\" \/><\/span><\/div><\/div><div class=\"fusion-title title fusion-title-3 fusion-sep-none fusion-title-center fusion-title-marquee fusion-loop-on fusion-title-size-two\" style=\"--awb-margin-bottom:3vh;--awb-margin-bottom-medium:2vh;--awb-marquee-speed:5000ms;--awb-marquee-translate-x:-100%;--awb-font-size:var(--awb-typography3-font-size);\"><h2 class=\"fusion-title-heading title-heading-center awb-marquee-left fusion-responsive-typography-calculated\" style=\"margin:0;font-size:1em;--fontSize:16;--minFontSize:16;line-height:var(--awb-typography1-line-height);\" dir=\"ltr\"><span dir=\"rtl\" class=\"awb-marquee-content\">Aspirateur De Voiture<\/span><span dir=\"rtl\" class=\"awb-marquee-content\">Aspirateur De Voiture<\/span><\/h2><\/div><div class=\"fusion-text fusion-text-2\" style=\"--awb-content-alignment:center;\"><p>7350 points<\/p>\n<\/div><div style=\"text-align:center;\"><a class=\"fusion-button button-flat button-xlarge button-default fusion-button-default button-2 fusion-button-default-span fusion-button-default-type\" target=\"_self\" href=\"https:\/\/waficlub.dz\/ar\/actualite\/bienvenue-sur-waficlub\/\"><span class=\"fusion-button-text\">\u0627\u0631\u0628\u062d \u0647\u0630\u0647 \u0627\u0644\u0647\u062f\u064a\u0629<\/span><\/a><\/div><\/div><\/div><\/div><\/div><div class=\"fusion-fullwidth fullwidth-box fusion-builder-row-3 fusion-flex-container has-pattern-background has-mask-background nonhundred-percent-fullwidth non-hundred-percent-height-scrolling\" style=\"--awb-border-radius-top-left:0px;--awb-border-radius-top-right:0px;--awb-border-radius-bottom-right:0px;--awb-border-radius-bottom-left:0px;--awb-flex-wrap:wrap;\" ><div class=\"fusion-builder-row fusion-row fusion-flex-align-items-flex-start fusion-flex-content-wrap\" style=\"max-width:1435.2px;margin-left: calc(-4% \/ 2 );margin-right: calc(-4% \/ 2 );\"><div class=\"fusion-layout-column fusion_builder_column fusion-builder-column-3 fusion_builder_column_1_1 1_1 fusion-flex-column\" style=\"--awb-bg-size:cover;--awb-width-large:100%;--awb-margin-top-large:0px;--awb-spacing-right-large:1.92%;--awb-margin-bottom-large:20px;--awb-spacing-left-large:1.92%;--awb-width-medium:100%;--awb-order-medium:0;--awb-spacing-right-medium:1.92%;--awb-spacing-left-medium:1.92%;--awb-width-small:100%;--awb-order-small:0;--awb-spacing-right-small:1.92%;--awb-spacing-left-small:1.92%;\"><div class=\"fusion-column-wrapper fusion-column-has-shadow fusion-flex-justify-content-flex-start fusion-content-layout-column\"><div style=\"text-align:center;\"><a class=\"fusion-button button-flat button-xlarge button-default fusion-button-default button-3 fusion-button-default-span fusion-button-default-type\" target=\"_self\" href=\"https:\/\/waficlub.dz\/ar\/actualite\/bienvenue-sur-waficlub\/\"><span class=\"fusion-button-text\">Voir le catalogue complet<\/span><\/a><\/div><\/div><\/div><\/div><\/div><\/p>","protected":false},"excerpt":{"rendered":"","protected":false},"author":1,"featured_media":0,"parent":1214,"menu_order":0,"comment_status":"closed","ping_status":"closed","template":"","meta":{"content-type":"","inline_featured_image":false,"_monsterinsights_skip_tracking":false,"_monsterinsights_sitenote_active":false,"_monsterinsights_sitenote_note":"","_monsterinsights_sitenote_category":0,"footnotes":""},"class_list":["post-1594","page","type-page","status-publish","hentry"],"yoast_head":"<!-- This site is optimized with the Yoast SEO plugin v21.8 - https:\/\/yoast.com\/wordpress\/plugins\/seo\/ -->\n<title>Automobile, accessoires - Waficlub<\/title>\n<meta name=\"robots\" content=\"index, follow, max-snippet:-1, max-image-preview:large, max-video-preview:-1\" \/>\n<link rel=\"canonical\" href=\"https:\/\/waficlub.dz\/ar\/cadeaux\/automobile-accessoires\/\" \/>\n<meta property=\"og:locale\" content=\"ar_AR\" \/>\n<meta property=\"og:type\" content=\"article\" \/>\n<meta property=\"og:title\" content=\"Automobile, accessoires - Waficlub\" \/>\n<meta property=\"og:url\" content=\"https:\/\/waficlub.dz\/ar\/cadeaux\/automobile-accessoires\/\" \/>\n<meta property=\"og:site_name\" content=\"Waficlub\" \/>\n<meta property=\"article:modified_time\" content=\"2024-07-17T08:32:51+00:00\" \/>\n<meta name=\"twitter:card\" content=\"summary_large_image\" \/>\n<meta name=\"twitter:label1\" content=\"\u0648\u0642\u062a \u0627\u0644\u0642\u0631\u0627\u0621\u0629 \u0627\u0644\u0645\u064f\u0642\u062f\u0651\u0631\" \/>\n\t<meta name=\"twitter:data1\" content=\"\u062f\u0642\u064a\u0642\u062a\u0627\u0646\" \/>\n<script type=\"application\/ld+json\" class=\"yoast-schema-graph\">{\"@context\":\"https:\/\/schema.org\",\"@graph\":[{\"@type\":\"WebPage\",\"@id\":\"https:\/\/waficlub.dz\/cadeaux\/automobile-accessoires\",\"url\":\"https:\/\/waficlub.dz\/cadeaux\/automobile-accessoires\",\"name\":\"Automobile, accessoires - Waficlub\",\"isPartOf\":{\"@id\":\"https:\/\/waficlub.dz\/#website\"},\"datePublished\":\"2024-07-09T10:18:26+00:00\",\"dateModified\":\"2024-07-17T08:32:51+00:00\",\"breadcrumb\":{\"@id\":\"https:\/\/waficlub.dz\/cadeaux\/automobile-accessoires#breadcrumb\"},\"inLanguage\":\"ar\",\"potentialAction\":[{\"@type\":\"ReadAction\",\"target\":[\"https:\/\/waficlub.dz\/cadeaux\/automobile-accessoires\"]}]},{\"@type\":\"BreadcrumbList\",\"@id\":\"https:\/\/waficlub.dz\/cadeaux\/automobile-accessoires#breadcrumb\",\"itemListElement\":[{\"@type\":\"ListItem\",\"position\":1,\"name\":\"Accueil\",\"item\":\"https:\/\/waficlub.dz\/\"},{\"@type\":\"ListItem\",\"position\":2,\"name\":\"Cadeaux\",\"item\":\"https:\/\/waficlub.dz\/cadeaux\"},{\"@type\":\"ListItem\",\"position\":3,\"name\":\"Automobile, accessoires\"}]},{\"@type\":\"WebSite\",\"@id\":\"https:\/\/waficlub.dz\/#website\",\"url\":\"https:\/\/waficlub.dz\/\",\"name\":\"Waficlub\",\"description\":\"Programme de fid\u00e9lit\u00e9 en Alg\u00e9rie\",\"potentialAction\":[{\"@type\":\"SearchAction\",\"target\":{\"@type\":\"EntryPoint\",\"urlTemplate\":\"https:\/\/waficlub.dz\/?s={search_term_string}\"},\"query-input\":\"required name=search_term_string\"}],\"inLanguage\":\"ar\"}]}<\/script>\n<!-- \/ Yoast SEO plugin. -->","yoast_head_json":{"title":"Automobile, accessoires - Waficlub","robots":{"index":"index","follow":"follow","max-snippet":"max-snippet:-1","max-image-preview":"max-image-preview:large","max-video-preview":"max-video-preview:-1"},"canonical":"https:\/\/waficlub.dz\/ar\/cadeaux\/automobile-accessoires\/","og_locale":"ar_AR","og_type":"article","og_title":"Automobile, accessoires - Waficlub","og_url":"https:\/\/waficlub.dz\/ar\/cadeaux\/automobile-accessoires\/","og_site_name":"Waficlub","article_modified_time":"2024-07-17T08:32:51+00:00","twitter_card":"summary_large_image","twitter_misc":{"\u0648\u0642\u062a \u0627\u0644\u0642\u0631\u0627\u0621\u0629 \u0627\u0644\u0645\u064f\u0642\u062f\u0651\u0631":"\u062f\u0642\u064a\u0642\u062a\u0627\u0646"},"schema":{"@context":"https:\/\/schema.org","@graph":[{"@type":"WebPage","@id":"https:\/\/waficlub.dz\/cadeaux\/automobile-accessoires","url":"https:\/\/waficlub.dz\/cadeaux\/automobile-accessoires","name":"Automobile, accessoires - Waficlub","isPartOf":{"@id":"https:\/\/waficlub.dz\/#website"},"datePublished":"2024-07-09T10:18:26+00:00","dateModified":"2024-07-17T08:32:51+00:00","breadcrumb":{"@id":"https:\/\/waficlub.dz\/cadeaux\/automobile-accessoires#breadcrumb"},"inLanguage":"ar","potentialAction":[{"@type":"ReadAction","target":["https:\/\/waficlub.dz\/cadeaux\/automobile-accessoires"]}]},{"@type":"BreadcrumbList","@id":"https:\/\/waficlub.dz\/cadeaux\/automobile-accessoires#breadcrumb","itemListElement":[{"@type":"ListItem","position":1,"name":"Accueil","item":"https:\/\/waficlub.dz\/"},{"@type":"ListItem","position":2,"name":"Cadeaux","item":"https:\/\/waficlub.dz\/cadeaux"},{"@type":"ListItem","position":3,"name":"Automobile, accessoires"}]},{"@type":"WebSite","@id":"https:\/\/waficlub.dz\/#website","url":"https:\/\/waficlub.dz\/","name":"Waficlub","description":"Programme de fid\u00e9lit\u00e9 en Alg\u00e9rie","potentialAction":[{"@type":"SearchAction","target":{"@type":"EntryPoint","urlTemplate":"https:\/\/waficlub.dz\/?s={search_term_string}"},"query-input":"required name=search_term_string"}],"inLanguage":"ar"}]}},"jetpack_sharing_enabled":true,"_links":{"self":[{"href":"https:\/\/waficlub.dz\/ar\/wp-json\/wp\/v2\/pages\/1594","targetHints":{"allow":["GET"]}}],"collection":[{"href":"https:\/\/waficlub.dz\/ar\/wp-json\/wp\/v2\/pages"}],"about":[{"href":"https:\/\/waficlub.dz\/ar\/wp-json\/wp\/v2\/types\/page"}],"author":[{"embeddable":true,"href":"https:\/\/waficlub.dz\/ar\/wp-json\/wp\/v2\/users\/1"}],"replies":[{"embeddable":true,"href":"https:\/\/waficlub.dz\/ar\/wp-json\/wp\/v2\/comments?post=1594"}],"version-history":[{"count":5,"href":"https:\/\/waficlub.dz\/ar\/wp-json\/wp\/v2\/pages\/1594\/revisions"}],"predecessor-version":[{"id":1650,"href":"https:\/\/waficlub.dz\/ar\/wp-json\/wp\/v2\/pages\/1594\/revisions\/1650"}],"up":[{"embeddable":true,"href":"https:\/\/waficlub.dz\/ar\/wp-json\/wp\/v2\/pages\/1214"}],"wp:attachment":[{"href":"https:\/\/waficlub.dz\/ar\/wp-json\/wp\/v2\/media?parent=1594"}],"curies":[{"name":"wp","href":"https:\/\/api.w.org\/{rel}","templated":true}]}}