{"id":1124,"date":"2024-01-14T08:06:16","date_gmt":"2024-01-14T08:06:16","guid":{"rendered":"https:\/\/smarteam-dz.com\/wafi\/?page_id=1124"},"modified":"2026-01-18T15:26:30","modified_gmt":"2026-01-18T14:26:30","slug":"actu-et-promos","status":"publish","type":"page","link":"https:\/\/waficlub.dz\/ar\/actu-et-promos","title":{"rendered":"\u0627\u0644\u0639\u0631\u0648\u0636 \u0627\u0644\u062a\u0631\u0648\u064a\u062c\u064a\u0629"},"content":{"rendered":"<div class=\"fusion-fullwidth fullwidth-box fusion-builder-row-1 fusion-flex-container has-pattern-background has-mask-background nonhundred-percent-fullwidth non-hundred-percent-height-scrolling\" style=\"--awb-border-radius-top-left:0px;--awb-border-radius-top-right:0px;--awb-border-radius-bottom-right:0px;--awb-border-radius-bottom-left:0px;--awb-flex-wrap:wrap;\" ><div class=\"fusion-builder-row fusion-row fusion-flex-align-items-flex-start fusion-flex-justify-content-center fusion-flex-content-wrap\" style=\"max-width:1435.2px;margin-left: calc(-4% \/ 2 );margin-right: calc(-4% \/ 2 );\"><div class=\"fusion-layout-column fusion_builder_column fusion-builder-column-0 fusion_builder_column_1_1 1_1 fusion-flex-column\" style=\"--awb-bg-size:cover;--awb-width-large:100%;--awb-margin-top-large:0px;--awb-spacing-right-large:1.92%;--awb-margin-bottom-large:20px;--awb-spacing-left-large:1.92%;--awb-width-medium:100%;--awb-order-medium:0;--awb-spacing-right-medium:1.92%;--awb-spacing-left-medium:1.92%;--awb-width-small:100%;--awb-order-small:0;--awb-spacing-right-small:1.92%;--awb-spacing-left-small:1.92%;\" data-motion-effects=\"[{&quot;type&quot;:&quot;&quot;,&quot;scroll_type&quot;:&quot;transition&quot;,&quot;scroll_direction&quot;:&quot;up&quot;,&quot;transition_speed&quot;:&quot;1&quot;,&quot;fade_type&quot;:&quot;in&quot;,&quot;scale_type&quot;:&quot;up&quot;,&quot;initial_scale&quot;:&quot;1&quot;,&quot;max_scale&quot;:&quot;1.5&quot;,&quot;min_scale&quot;:&quot;0.5&quot;,&quot;initial_rotate&quot;:&quot;0&quot;,&quot;end_rotate&quot;:&quot;30&quot;,&quot;initial_blur&quot;:&quot;0&quot;,&quot;end_blur&quot;:&quot;3&quot;,&quot;start_element&quot;:&quot;top&quot;,&quot;start_viewport&quot;:&quot;bottom&quot;,&quot;end_element&quot;:&quot;bottom&quot;,&quot;end_viewport&quot;:&quot;top&quot;,&quot;mouse_effect&quot;:&quot;track&quot;,&quot;mouse_effect_direction&quot;:&quot;opposite&quot;,&quot;mouse_effect_speed&quot;:&quot;2&quot;,&quot;infinite_animation&quot;:&quot;float&quot;,&quot;infinite_animation_speed&quot;:&quot;2&quot;}]\" data-scroll-devices=\"small-visibility,medium-visibility,large-visibility\"><div class=\"fusion-column-wrapper fusion-column-has-shadow fusion-flex-justify-content-flex-start fusion-content-layout-column\"><div class=\"fusion-text fusion-text-1\"><p>\u062c\u062f\u064a\u062f \u0628\u0631\u0646\u0627\u0645\u062c Waficlub<\/p>\n<\/div><div class=\"fusion-blog-shortcode fusion-blog-shortcode-1 fusion-blog-archive fusion-blog-layout-grid-wrapper fusion-blog-infinite fusion-blog-layout-left\"><style type=\"text\/css\">.fusion-blog-shortcode-1 .fusion-blog-layout-grid .fusion-post-grid{padding:20px;}.fusion-blog-shortcode-1 .fusion-posts-container{margin-left: -20px !important; margin-right:-20px !important;}<\/style><div class=\"fusion-posts-container fusion-posts-container-infinite fusion-posts-container-load-more fusion-no-meta-info fusion-blog-rollover fusion-blog-layout-grid fusion-blog-layout-grid-3 isotope fusion-blog-layout-masonry\" data-pages=\"1\" data-grid-col-space=\"40\" style=\"margin: -20px -20px 0;min-height:500px;\"><article class=\"fusion-post-grid fusion-post-masonry post fusion-grid-sizer\"><\/article><article id=\"blog-1-post-445\" class=\"fusion-post-masonry fusion-post-grid fusion-element-grid post-445 post type-post status-publish format-standard has-post-thumbnail hentry category-actualite\">\n<div class=\"fusion-post-wrapper fusion-masonary-is-transparent\" style=\"background-color:rgba(255,255,255,1);border:none;\"><div  class=\"fusion-masonry-element-container lazyload fusion-image-wrapper\" style=\"padding-top:calc((100% + 40px) * 0.8 - 20px);\" data-bg=\"https:\/\/waficlub.dz\/wp-content\/uploads\/2024\/04\/AdobeStock_469352692-copie-1-e1713089440176.png\" aria-haspopup=\"true\">\n\t\t\t\t<img decoding=\"async\" width=\"1000\" height=\"667\" src=\"data:image\/svg+xml,%3Csvg%20xmlns%3D%27http%3A%2F%2Fwww.w3.org%2F2000%2Fsvg%27%20width%3D%271000%27%20height%3D%27667%27%20viewBox%3D%270%200%201000%20667%27%3E%3Crect%20width%3D%271000%27%20height%3D%27667%27%20fill-opacity%3D%220%22%2F%3E%3C%2Fsvg%3E\" class=\"attachment-full size-full lazyload wp-post-image\" alt=\"\" data-orig-src=\"https:\/\/waficlub.dz\/wp-content\/uploads\/2024\/04\/AdobeStock_469352692-copie-1-e1713089440176.png\" \/><div class=\"fusion-rollover\">\n\t<div class=\"fusion-rollover-content\">\n\n\t\t\t\t\t\t\t\t\t\t\t\t\t\t<a class=\"fusion-rollover-link\" href=\"https:\/\/waficlub.dz\/ar\/actualite\/bienvenue-sur-waficlub\">Jeu Waficlub \u00e9t\u00e9 2025<\/a>\n\t\t\t\n\t\t\t\t\t\t\t\t\t\t\t\t\t\t\n\t\t\t\t\t\t\t\t\n\t\t\t\t\t\t\t\t\t\t\t\t\t<div class=\"fusion-rollover-sep\"><\/div>\n\t\t\t\t\n\t\t\t\t\t\t\t\t\t\t\t\t\t\t\t\t\t\t<a class=\"fusion-rollover-gallery\" href=\"https:\/\/waficlub.dz\/wp-content\/uploads\/2024\/04\/AdobeStock_469352692-copie-1-e1713089440176.png\" data-id=\"445\" data-rel=\"iLightbox[gallery]\" data-title=\"AdobeStock_469352692 copie (1)\" data-caption=\"\">\n\t\t\t\t\t\tGallery\t\t\t\t\t<\/a>\n\t\t\t\t\t\t\t\t\t\t\t\t\t\t\n\t\t\n\t\t\t\t\t\t\t\t\n\t\t\t\t\t\t\t\t\n\t\t\n\t\t\t\t\t\t<a class=\"fusion-link-wrapper\" href=\"https:\/\/waficlub.dz\/ar\/actualite\/bienvenue-sur-waficlub\" aria-label=\"Jeu Waficlub \u00e9t\u00e9 2025\"><\/a>\n\t<\/div>\n<\/div>\n<\/div>\n<div class=\"fusion-post-content-wrapper\" style=\"padding:30px 25px 25px 25px;background-color:rgba(255,255,255,1);\"><div class=\"fusion-post-content post-content\"><h2 class=\"blog-shortcode-post-title entry-title\"><a href=\"https:\/\/waficlub.dz\/ar\/actualite\/bienvenue-sur-waficlub\">Jeu Waficlub \u00e9t\u00e9 2025<\/a><\/h2><\/div><\/div><div class=\"fusion-clearfix\"><\/div><\/div>\n<\/article>\n<article id=\"blog-1-post-2655\" class=\"fusion-post-masonry fusion-post-grid fusion-element-grid post-2655 post type-post status-publish format-standard has-post-thumbnail hentry category-actualite\">\n<div class=\"fusion-post-wrapper fusion-masonary-is-transparent\" style=\"background-color:rgba(255,255,255,1);border:none;\"><div  class=\"fusion-masonry-element-container lazyload fusion-image-wrapper\" style=\"padding-top:calc((100% + 40px) * 0.8 - 20px);\" data-bg=\"https:\/\/waficlub.dz\/wp-content\/uploads\/2026\/01\/waficoncours2026.jpeg\" aria-haspopup=\"true\">\n\t\t\t\t<img decoding=\"async\" width=\"1080\" height=\"1350\" src=\"https:\/\/waficlub.dz\/wp-content\/uploads\/2026\/01\/waficoncours2026.jpeg\" class=\"attachment-full size-full lazyload wp-post-image\" alt=\"\" srcset=\"data:image\/svg+xml,%3Csvg%20xmlns%3D%27http%3A%2F%2Fwww.w3.org%2F2000%2Fsvg%27%20width%3D%271080%27%20height%3D%271350%27%20viewBox%3D%270%200%201080%201350%27%3E%3Crect%20width%3D%271080%27%20height%3D%271350%27%20fill-opacity%3D%220%22%2F%3E%3C%2Fsvg%3E\" data-orig-src=\"https:\/\/waficlub.dz\/wp-content\/uploads\/2026\/01\/waficoncours2026.jpeg\" data-srcset=\"https:\/\/waficlub.dz\/wp-content\/uploads\/2026\/01\/waficoncours2026-200x250.jpeg 200w, https:\/\/waficlub.dz\/wp-content\/uploads\/2026\/01\/waficoncours2026-400x500.jpeg 400w, https:\/\/waficlub.dz\/wp-content\/uploads\/2026\/01\/waficoncours2026-600x750.jpeg 600w, https:\/\/waficlub.dz\/wp-content\/uploads\/2026\/01\/waficoncours2026-800x1000.jpeg 800w, https:\/\/waficlub.dz\/wp-content\/uploads\/2026\/01\/waficoncours2026.jpeg 1080w\" data-sizes=\"auto\" \/><div class=\"fusion-rollover\">\n\t<div class=\"fusion-rollover-content\">\n\n\t\t\t\t\t\t\t\t\t\t\t\t\t\t<a class=\"fusion-rollover-link\" href=\"https:\/\/waficlub.dz\/ar\/actualite\/jeu-waficlub-fin-d-annee-2025\">Jeu Waficlub Fin d&rsquo;ann\u00e9e 2025<\/a>\n\t\t\t\n\t\t\t\t\t\t\t\t\t\t\t\t\t\t\n\t\t\t\t\t\t\t\t\n\t\t\t\t\t\t\t\t\t\t\t\t\t<div class=\"fusion-rollover-sep\"><\/div>\n\t\t\t\t\n\t\t\t\t\t\t\t\t\t\t\t\t\t\t\t\t\t\t<a class=\"fusion-rollover-gallery\" href=\"https:\/\/waficlub.dz\/wp-content\/uploads\/2026\/01\/waficoncours2026.jpeg\" data-id=\"2655\" data-rel=\"iLightbox[gallery]\" data-title=\"waficoncours2026\" data-caption=\"\">\n\t\t\t\t\t\tGallery\t\t\t\t\t<\/a>\n\t\t\t\t\t\t\t\t\t\t\t\t\t\t\n\t\t\n\t\t\t\t\t\t\t\t\n\t\t\t\t\t\t\t\t\n\t\t\n\t\t\t\t\t\t<a class=\"fusion-link-wrapper\" href=\"https:\/\/waficlub.dz\/ar\/actualite\/jeu-waficlub-fin-d-annee-2025\" aria-label=\"Jeu Waficlub Fin d&rsquo;ann\u00e9e 2025\"><\/a>\n\t<\/div>\n<\/div>\n<\/div>\n<div class=\"fusion-post-content-wrapper\" style=\"padding:30px 25px 25px 25px;background-color:rgba(255,255,255,1);\"><div class=\"fusion-post-content post-content\"><h2 class=\"blog-shortcode-post-title entry-title\"><a href=\"https:\/\/waficlub.dz\/ar\/actualite\/jeu-waficlub-fin-d-annee-2025\">Jeu Waficlub Fin d&rsquo;ann\u00e9e 2025<\/a><\/h2><\/div><\/div><div class=\"fusion-clearfix\"><\/div><\/div>\n<\/article>\n<article id=\"blog-1-post-2664\" class=\"fusion-post-masonry fusion-post-grid fusion-element-grid post-2664 post type-post status-publish format-standard has-post-thumbnail hentry category-actualite\">\n<div class=\"fusion-post-wrapper fusion-masonary-is-transparent\" style=\"background-color:rgba(255,255,255,1);border:none;\"><div  class=\"fusion-masonry-element-container lazyload fusion-image-wrapper\" style=\"padding-top:calc((100% + 40px) * 0.8 - 20px);\" data-bg=\"https:\/\/waficlub.dz\/wp-content\/uploads\/2026\/01\/activation-wafi-famili.jpeg\" aria-haspopup=\"true\">\n\t\t\t\t<img decoding=\"async\" width=\"762\" height=\"1016\" src=\"https:\/\/waficlub.dz\/wp-content\/uploads\/2026\/01\/activation-wafi-famili.jpeg\" class=\"attachment-full size-full lazyload wp-post-image\" alt=\"\" srcset=\"data:image\/svg+xml,%3Csvg%20xmlns%3D%27http%3A%2F%2Fwww.w3.org%2F2000%2Fsvg%27%20width%3D%27762%27%20height%3D%271016%27%20viewBox%3D%270%200%20762%201016%27%3E%3Crect%20width%3D%27762%27%20height%3D%271016%27%20fill-opacity%3D%220%22%2F%3E%3C%2Fsvg%3E\" data-orig-src=\"https:\/\/waficlub.dz\/wp-content\/uploads\/2026\/01\/activation-wafi-famili.jpeg\" data-srcset=\"https:\/\/waficlub.dz\/wp-content\/uploads\/2026\/01\/activation-wafi-famili-200x267.jpeg 200w, https:\/\/waficlub.dz\/wp-content\/uploads\/2026\/01\/activation-wafi-famili-400x533.jpeg 400w, https:\/\/waficlub.dz\/wp-content\/uploads\/2026\/01\/activation-wafi-famili-600x800.jpeg 600w, https:\/\/waficlub.dz\/wp-content\/uploads\/2026\/01\/activation-wafi-famili.jpeg 762w\" data-sizes=\"auto\" \/><div class=\"fusion-rollover\">\n\t<div class=\"fusion-rollover-content\">\n\n\t\t\t\t\t\t\t\t\t\t\t\t\t\t<a class=\"fusion-rollover-link\" href=\"https:\/\/waficlub.dz\/ar\/actualite\/activation-terrain-fin-dannee-2025\">Activation Waficlub chez Famili Shop<\/a>\n\t\t\t\n\t\t\t\t\t\t\t\t\t\t\t\t\t\t\n\t\t\t\t\t\t\t\t\n\t\t\t\t\t\t\t\t\t\t\t\t\t<div class=\"fusion-rollover-sep\"><\/div>\n\t\t\t\t\n\t\t\t\t\t\t\t\t\t\t\t\t\t\t\t\t\t\t<a class=\"fusion-rollover-gallery\" href=\"https:\/\/waficlub.dz\/wp-content\/uploads\/2026\/01\/activation-wafi-famili.jpeg\" data-id=\"2664\" data-rel=\"iLightbox[gallery]\" data-title=\"activation wafi famili\" data-caption=\"\">\n\t\t\t\t\t\tGallery\t\t\t\t\t<\/a>\n\t\t\t\t\t\t\t\t\t\t\t\t\t\t\n\t\t\n\t\t\t\t\t\t\t\t\n\t\t\t\t\t\t\t\t\n\t\t\n\t\t\t\t\t\t<a class=\"fusion-link-wrapper\" href=\"https:\/\/waficlub.dz\/ar\/actualite\/activation-terrain-fin-dannee-2025\" aria-label=\"Activation Waficlub chez Famili Shop\"><\/a>\n\t<\/div>\n<\/div>\n<\/div>\n<div class=\"fusion-post-content-wrapper\" style=\"padding:30px 25px 25px 25px;background-color:rgba(255,255,255,1);\"><div class=\"fusion-post-content post-content\"><h2 class=\"blog-shortcode-post-title entry-title\"><a href=\"https:\/\/waficlub.dz\/ar\/actualite\/activation-terrain-fin-dannee-2025\">Activation Waficlub chez Famili Shop<\/a><\/h2><\/div><\/div><div class=\"fusion-clearfix\"><\/div><\/div>\n<\/article>\n<div class=\"fusion-clearfix\"><\/div><\/div><\/div><\/div><\/div><\/div><\/div>","protected":false},"excerpt":{"rendered":"","protected":false},"author":1,"featured_media":0,"parent":0,"menu_order":0,"comment_status":"closed","ping_status":"closed","template":"100-width.php","meta":{"content-type":"","inline_featured_image":false,"_monsterinsights_skip_tracking":false,"_monsterinsights_sitenote_active":false,"_monsterinsights_sitenote_note":"","_monsterinsights_sitenote_category":0,"footnotes":""},"class_list":["post-1124","page","type-page","status-publish","hentry"],"yoast_head":"<!-- This site is optimized with the Yoast SEO plugin v21.8 - https:\/\/yoast.com\/wordpress\/plugins\/seo\/ -->\n<title>Actu et Promos - Waficlub<\/title>\n<meta name=\"robots\" content=\"index, follow, max-snippet:-1, max-image-preview:large, max-video-preview:-1\" \/>\n<link rel=\"canonical\" href=\"https:\/\/waficlub.dz\/ar\/actu-et-promos\/\" \/>\n<meta property=\"og:locale\" content=\"ar_AR\" \/>\n<meta property=\"og:type\" content=\"article\" \/>\n<meta property=\"og:title\" content=\"Actu et Promos - Waficlub\" \/>\n<meta property=\"og:url\" content=\"https:\/\/waficlub.dz\/ar\/actu-et-promos\/\" \/>\n<meta property=\"og:site_name\" content=\"Waficlub\" \/>\n<meta property=\"article:modified_time\" content=\"2026-01-18T14:26:30+00:00\" \/>\n<meta name=\"twitter:card\" content=\"summary_large_image\" \/>\n<meta name=\"twitter:label1\" content=\"\u0648\u0642\u062a \u0627\u0644\u0642\u0631\u0627\u0621\u0629 \u0627\u0644\u0645\u064f\u0642\u062f\u0651\u0631\" \/>\n\t<meta name=\"twitter:data1\" content=\"\u062f\u0642\u064a\u0642\u062a\u0627\u0646\" \/>\n<script type=\"application\/ld+json\" class=\"yoast-schema-graph\">{\"@context\":\"https:\/\/schema.org\",\"@graph\":[{\"@type\":\"WebPage\",\"@id\":\"https:\/\/waficlub.dz\/actu-et-promos\",\"url\":\"https:\/\/waficlub.dz\/actu-et-promos\",\"name\":\"Actu et Promos - Waficlub\",\"isPartOf\":{\"@id\":\"https:\/\/waficlub.dz\/#website\"},\"datePublished\":\"2024-01-14T08:06:16+00:00\",\"dateModified\":\"2026-01-18T14:26:30+00:00\",\"breadcrumb\":{\"@id\":\"https:\/\/waficlub.dz\/actu-et-promos#breadcrumb\"},\"inLanguage\":\"ar\",\"potentialAction\":[{\"@type\":\"ReadAction\",\"target\":[\"https:\/\/waficlub.dz\/actu-et-promos\"]}]},{\"@type\":\"BreadcrumbList\",\"@id\":\"https:\/\/waficlub.dz\/actu-et-promos#breadcrumb\",\"itemListElement\":[{\"@type\":\"ListItem\",\"position\":1,\"name\":\"Accueil\",\"item\":\"https:\/\/waficlub.dz\/\"},{\"@type\":\"ListItem\",\"position\":2,\"name\":\"Actu et Promos\"}]},{\"@type\":\"WebSite\",\"@id\":\"https:\/\/waficlub.dz\/#website\",\"url\":\"https:\/\/waficlub.dz\/\",\"name\":\"Waficlub\",\"description\":\"Programme de fid\u00e9lit\u00e9 en Alg\u00e9rie\",\"potentialAction\":[{\"@type\":\"SearchAction\",\"target\":{\"@type\":\"EntryPoint\",\"urlTemplate\":\"https:\/\/waficlub.dz\/?s={search_term_string}\"},\"query-input\":\"required name=search_term_string\"}],\"inLanguage\":\"ar\"}]}<\/script>\n<!-- \/ Yoast SEO plugin. -->","yoast_head_json":{"title":"Actu et Promos - Waficlub","robots":{"index":"index","follow":"follow","max-snippet":"max-snippet:-1","max-image-preview":"max-image-preview:large","max-video-preview":"max-video-preview:-1"},"canonical":"https:\/\/waficlub.dz\/ar\/actu-et-promos\/","og_locale":"ar_AR","og_type":"article","og_title":"Actu et Promos - Waficlub","og_url":"https:\/\/waficlub.dz\/ar\/actu-et-promos\/","og_site_name":"Waficlub","article_modified_time":"2026-01-18T14:26:30+00:00","twitter_card":"summary_large_image","twitter_misc":{"\u0648\u0642\u062a \u0627\u0644\u0642\u0631\u0627\u0621\u0629 \u0627\u0644\u0645\u064f\u0642\u062f\u0651\u0631":"\u062f\u0642\u064a\u0642\u062a\u0627\u0646"},"schema":{"@context":"https:\/\/schema.org","@graph":[{"@type":"WebPage","@id":"https:\/\/waficlub.dz\/actu-et-promos","url":"https:\/\/waficlub.dz\/actu-et-promos","name":"Actu et Promos - Waficlub","isPartOf":{"@id":"https:\/\/waficlub.dz\/#website"},"datePublished":"2024-01-14T08:06:16+00:00","dateModified":"2026-01-18T14:26:30+00:00","breadcrumb":{"@id":"https:\/\/waficlub.dz\/actu-et-promos#breadcrumb"},"inLanguage":"ar","potentialAction":[{"@type":"ReadAction","target":["https:\/\/waficlub.dz\/actu-et-promos"]}]},{"@type":"BreadcrumbList","@id":"https:\/\/waficlub.dz\/actu-et-promos#breadcrumb","itemListElement":[{"@type":"ListItem","position":1,"name":"Accueil","item":"https:\/\/waficlub.dz\/"},{"@type":"ListItem","position":2,"name":"Actu et Promos"}]},{"@type":"WebSite","@id":"https:\/\/waficlub.dz\/#website","url":"https:\/\/waficlub.dz\/","name":"Waficlub","description":"Programme de fid\u00e9lit\u00e9 en Alg\u00e9rie","potentialAction":[{"@type":"SearchAction","target":{"@type":"EntryPoint","urlTemplate":"https:\/\/waficlub.dz\/?s={search_term_string}"},"query-input":"required name=search_term_string"}],"inLanguage":"ar"}]}},"jetpack_sharing_enabled":true,"_links":{"self":[{"href":"https:\/\/waficlub.dz\/ar\/wp-json\/wp\/v2\/pages\/1124","targetHints":{"allow":["GET"]}}],"collection":[{"href":"https:\/\/waficlub.dz\/ar\/wp-json\/wp\/v2\/pages"}],"about":[{"href":"https:\/\/waficlub.dz\/ar\/wp-json\/wp\/v2\/types\/page"}],"author":[{"embeddable":true,"href":"https:\/\/waficlub.dz\/ar\/wp-json\/wp\/v2\/users\/1"}],"replies":[{"embeddable":true,"href":"https:\/\/waficlub.dz\/ar\/wp-json\/wp\/v2\/comments?post=1124"}],"version-history":[{"count":20,"href":"https:\/\/waficlub.dz\/ar\/wp-json\/wp\/v2\/pages\/1124\/revisions"}],"predecessor-version":[{"id":2663,"href":"https:\/\/waficlub.dz\/ar\/wp-json\/wp\/v2\/pages\/1124\/revisions\/2663"}],"wp:attachment":[{"href":"https:\/\/waficlub.dz\/ar\/wp-json\/wp\/v2\/media?parent=1124"}],"curies":[{"name":"wp","href":"https:\/\/api.w.org\/{rel}","templated":true}]}}